{"id":1485,"date":"2026-02-12T17:42:04","date_gmt":"2026-02-12T17:42:04","guid":{"rendered":"https:\/\/kuponeo.com\/cookie-policy\/"},"modified":"2026-02-12T17:42:48","modified_gmt":"2026-02-12T17:42:48","slug":"cookie-policy","status":"publish","type":"page","link":"https:\/\/kuponeo.com\/de\/cookie-policy\/","title":{"rendered":"Cookie-Richtlinie"},"content":{"rendered":"<p>Auf dieser Seite finden Sie umfassende Informationen dar\u00fcber, wie wir Cookies auf unserer Website verwenden, um Ihr Surferlebnis zu verbessern, die Leistung der Website zu steigern und personalisierte Inhalte zu liefern. Cookies sind kleine Textdateien, die auf Ihrem Ger\u00e4t gespeichert werden, wenn Sie unsere Website besuchen. Sie helfen uns zu verstehen, wie Besucher mit unserer Website interagieren, und erm\u00f6glichen es uns, eine reibungslosere und effizientere Benutzererfahrung anzubieten. In der nachstehenden Tabelle finden Sie ausf\u00fchrliche Informationen \u00fcber jede Art von Cookie, die wir verwenden, ihren Zweck und die Dauer, die sie auf Ihrem Ger\u00e4t verbleiben. Wir verpflichten uns, Ihre Privatsph\u00e4re zu respektieren und Transparenz \u00fcber die Daten zu schaffen, die wir durch Cookies sammeln. Weitere Informationen dar\u00fcber, wie wir mit Ihren pers\u00f6nlichen Daten umgehen, finden Sie in unserer <a href=\"https:\/\/kuponeo.com\/de\/privacy-policy\/\">Datenschutzbestimmungen.<\/a><\/p><div class=\"wpconsent-cookie-policy\"><h2 class=\"wpconsent-cookie-category-name\">Wesentlich<\/h2><p class=\"wpconsent-cookie-category-description\">Wesentliche Cookies erm\u00f6glichen grundlegende Funktionen und sind f\u00fcr das ordnungsgem\u00e4\u00dfe Funktionieren der Website erforderlich.<\/p><table class=\"wpconsent-cookie-policy-table\"><tr><th>Name<\/th><th>Beschreibung<\/th><th>Dauer<\/th><\/tr><tr><td>wpconsent_preferences<\/td><td>Dieses Cookie wird verwendet, um die Cookie-Einstellungen des Benutzers zu speichern.<\/td><td>30 Tage<\/td><\/tr><\/table><h3 class=\"wpconsent-cookie-service-name\">Kommentare<\/h3><p class=\"wpconsent-cookie-service-description\">Diese Cookies werden f\u00fcr das Hinzuf\u00fcgen von Kommentaren auf dieser Website ben\u00f6tigt.<\/p><table class=\"wpconsent-cookie-policy-table\"><tr><th>Name<\/th><th>Beschreibung<\/th><th>Dauer<\/th><\/tr><tr><td>kommentar_autor<\/td><td>Wird verwendet, um den Benutzer \u00fcber mehrere Sitzungen hinweg zu verfolgen.<\/td><td>Sitzung<\/td><\/tr><tr><td>kommentar_autor_email<\/td><td>Wird verwendet, um den Benutzer \u00fcber mehrere Sitzungen hinweg zu verfolgen.<\/td><td>Sitzung<\/td><\/tr><tr><td>kommentar_autor_url<\/td><td>Wird verwendet, um den Benutzer \u00fcber mehrere Sitzungen hinweg zu verfolgen.<\/td><td>Sitzung<\/td><\/tr><\/table><h2 class=\"wpconsent-cookie-category-name\">Statistik<\/h2><p class=\"wpconsent-cookie-category-description\">Statistik-Cookies sammeln Informationen in anonymer Form. Diese Informationen helfen uns zu verstehen, wie Besucher unsere Website nutzen.<\/p><h3 class=\"wpconsent-cookie-service-name\">Google Analytics<\/h3><p class=\"wpconsent-cookie-service-description\">Google Analytics ist ein leistungsf\u00e4higes Tool, mit dem der Website-Verkehr verfolgt und analysiert werden kann, um fundierte Marketingentscheidungen zu treffen.<\/p><a href=\"https:\/\/policies.google.com\/privacy\">Mehr erfahren<\/a><table class=\"wpconsent-cookie-policy-table\"><tr><th>Name<\/th><th>Beschreibung<\/th><th>Dauer<\/th><\/tr><tr><td>_gac_<\/td><td>Enth\u00e4lt Informationen in Bezug auf Marketingkampagnen des Nutzers. Diese werden mit Google AdWords \/ Google Ads geteilt, wenn die Konten von Google Ads und Google Analytics miteinander verkn\u00fcpft sind.<\/td><td>90 Tage<\/td><\/tr><tr><td>__utma<\/td><td>ID zur Identifizierung von Benutzern und Sitzungen<\/td><td>2 Jahre nach der letzten Aktivit\u00e4t<\/td><\/tr><tr><td>__utmt<\/td><td>Dient zur \u00dcberwachung der Anzahl der Google Analytics-Serveranfragen<\/td><td>10 Minuten<\/td><\/tr><tr><td>__utmb<\/td><td>Wird verwendet, um neue Sitzungen und Besuche zu unterscheiden. Dieses Cookie wird gesetzt, wenn die GA.js-Javascript-Bibliothek geladen wird und kein __utmb-Cookie vorhanden ist. Das Cookie wird jedes Mal aktualisiert, wenn Daten an den Google Analytics-Server gesendet werden.<\/td><td>30 Minuten nach der letzten Aktivit\u00e4t<\/td><\/tr><tr><td>__utmc<\/td><td>Wird nur mit alten Urchin-Versionen von Google Analytics verwendet und nicht mit GA.js. Wurde verwendet, um zwischen neuen Sitzungen und Besuchen am Ende einer Sitzung zu unterscheiden.<\/td><td>Ende der Sitzung (Browser)<\/td><\/tr><tr><td>__utmz<\/td><td>Enth\u00e4lt Informationen \u00fcber die Verkehrsquelle oder die Kampagne, die den Nutzer auf die Website geleitet hat. Das Cookie wird gesetzt, wenn das GA.js-Javascript geladen wird und aktualisiert, wenn Daten an den Google Anaytics-Server gesendet werden<\/td><td>6 Monate nach der letzten Aktivit\u00e4t<\/td><\/tr><tr><td>__utmv<\/td><td>Enth\u00e4lt benutzerdefinierte Informationen, die vom Webentwickler \u00fcber die Methode _setCustomVar in Google Analytics festgelegt wurden. Dieses Cookie wird jedes Mal aktualisiert, wenn neue Daten an den Google Analytics-Server gesendet werden.<\/td><td>2 Jahre nach der letzten Aktivit\u00e4t<\/td><\/tr><tr><td>__utmx<\/td><td>Wird verwendet, um festzustellen, ob ein Benutzer in einen A\/B- oder multivariaten Test einbezogen wird.<\/td><td>18 Monate<\/td><\/tr><tr><td>_ga<\/td><td>ID zur Identifizierung der Benutzer<\/td><td>2 Jahre<\/td><\/tr><tr><td>_gali<\/td><td>Wird von Google Analytics verwendet, um festzustellen, welche Links auf einer Seite angeklickt werden.<\/td><td>30 Sekunden<\/td><\/tr><tr><td>_ga_<\/td><td>ID zur Identifizierung der Benutzer<\/td><td>2 Jahre<\/td><\/tr><tr><td>_gid<\/td><td>ID, die zur Identifizierung der Nutzer f\u00fcr 24 Stunden nach der letzten Aktivit\u00e4t verwendet wird<\/td><td>24 Stunden<\/td><\/tr><tr><td>_gat<\/td><td>Dient zur \u00dcberwachung der Anzahl der Google Analytics-Serveranfragen bei Verwendung von Google Tag Manager<\/td><td>1 Minute<\/td><\/tr><\/table><\/div>","protected":false},"excerpt":{"rendered":"<p>This page provides comprehensive information about how we use cookies on our website to enhance your browsing experience, improve website performance, and deliver personalized content. Cookies are small text files that are stored on your device when you visit our site. They help us understand how visitors interact with our website, allowing us to offer&#8230;<\/p>","protected":false},"author":1,"featured_media":0,"parent":0,"menu_order":0,"comment_status":"closed","ping_status":"closed","template":"page-tpl_full_width.php","meta":{"_acf_changed":false,"footnotes":""},"class_list":["post-1485","page","type-page","status-publish","hentry"],"acf":[],"aioseo_notices":[],"_hostinger_reach_plugin_has_subscription_block":false,"_hostinger_reach_plugin_is_elementor":false,"_links":{"self":[{"href":"https:\/\/kuponeo.com\/de\/wp-json\/wp\/v2\/pages\/1485","targetHints":{"allow":["GET"]}}],"collection":[{"href":"https:\/\/kuponeo.com\/de\/wp-json\/wp\/v2\/pages"}],"about":[{"href":"https:\/\/kuponeo.com\/de\/wp-json\/wp\/v2\/types\/page"}],"author":[{"embeddable":true,"href":"https:\/\/kuponeo.com\/de\/wp-json\/wp\/v2\/users\/1"}],"replies":[{"embeddable":true,"href":"https:\/\/kuponeo.com\/de\/wp-json\/wp\/v2\/comments?post=1485"}],"version-history":[{"count":1,"href":"https:\/\/kuponeo.com\/de\/wp-json\/wp\/v2\/pages\/1485\/revisions"}],"predecessor-version":[{"id":1486,"href":"https:\/\/kuponeo.com\/de\/wp-json\/wp\/v2\/pages\/1485\/revisions\/1486"}],"wp:attachment":[{"href":"https:\/\/kuponeo.com\/de\/wp-json\/wp\/v2\/media?parent=1485"}],"curies":[{"name":"wp","href":"https:\/\/api.w.org\/{rel}","templated":true}]}}