{"id":1583,"date":"2026-02-13T00:08:10","date_gmt":"2026-02-13T00:08:10","guid":{"rendered":"https:\/\/kuponeo.com\/?page_id=1583"},"modified":"2026-02-13T00:08:10","modified_gmt":"2026-02-13T00:08:10","slug":"advertising-disclosure","status":"publish","type":"page","link":"https:\/\/kuponeo.com\/de\/advertising-disclosure\/","title":{"rendered":"Offenlegung der Werbung"},"content":{"rendered":"<p><strong>Zuletzt aktualisiert:<\/strong> 13. Februar 2026<\/p>\n\n\n\n<p>Kuponeo.com nimmt an Partner-Marketingprogrammen teil. Das bedeutet, dass wir m\u00f6glicherweise Provisionen erhalten, wenn Nutzer auf bestimmte Links klicken und bei Partner-H\u00e4ndlern einkaufen.<\/p>\n\n\n\n<p>Diese Offenlegung erfolgt in \u00dcbereinstimmung mit den Richtlinien der Federal Trade Commission (FTC) in Bezug auf Bef\u00fcrwortungen, Werbung und Partnerbeziehungen.<\/p>\n\n\n\n<p>Weitere Informationen \u00fcber die Leitlinien der FTC finden Sie unter<br><a href=\"https:\/\/www.ftc.gov\/business-guidance\/resources\/ftcs-endorsement-guides\">https:\/\/www.ftc.gov\/business-guidance\/resources\/ftcs-endorsement-guides<\/a><\/p>\n\n\n\n<hr class=\"wp-block-separator has-alpha-channel-opacity\"\/>\n\n\n\n<h2 class=\"wp-block-heading\">Wie Affiliate-Links funktionieren<\/h2>\n\n\n\n<p>Einige Links auf Kuponeo.com sind Partnerlinks. Wenn Sie auf einen dieser Links klicken und einen Kauf t\u00e4tigen, erhalten wir m\u00f6glicherweise eine Provision vom Einzelh\u00e4ndler. <strong>ohne zus\u00e4tzliche Kosten f\u00fcr Sie<\/strong>.<\/p>\n\n\n\n<p>Kuponeo arbeitet mit einer Vielzahl von Affiliate-Netzwerken und -Plattformen zusammen, einschlie\u00dflich, aber nicht beschr\u00e4nkt auf:<\/p>\n\n\n\n<ul class=\"wp-block-list\">\n<li>CJ Affiliate (Commission Junction)<\/li>\n\n\n\n<li>AWIN<\/li>\n\n\n\n<li>Admitad<\/li>\n\n\n\n<li>Brandreward<\/li>\n\n\n\n<li>Rakuten Werbung<\/li>\n\n\n\n<li>Amazon-Mitglieder<\/li>\n\n\n\n<li>Andere globale Affiliate- und Performance-Marketing-Netzwerke<\/li>\n<\/ul>\n\n\n\n<p>Diese Netzwerke verfolgen Empfehlungen und verg\u00fcten uns, wenn qualifizierte K\u00e4ufe get\u00e4tigt werden.<\/p>\n\n\n\n<hr class=\"wp-block-separator has-alpha-channel-opacity\"\/>\n\n\n\n<h2 class=\"wp-block-heading\">Keine zus\u00e4tzlichen Kosten f\u00fcr Sie<\/h2>\n\n\n\n<p>Die Verwendung von Partner-Links erh\u00f6ht nicht den Preis, den Sie zahlen. In vielen F\u00e4llen kann die Nutzung unserer Links Zugang zu exklusiven Werbeaktionen oder verfolgten Angeboten bieten.<\/p>\n\n\n\n<p>Die Kommissionen erm\u00f6glichen es uns:<\/p>\n\n\n\n<ul class=\"wp-block-list\">\n<li>Kuponeo beibehalten und verbessern<\/li>\n\n\n\n<li>\u00dcberpr\u00fcfen und Aktualisieren von Gutscheincodes<\/li>\n\n\n\n<li>Kostenloser Zugang zu Angeboten<\/li>\n\n\n\n<li>Weiterbetrieb ohne Geb\u00fchren f\u00fcr die Nutzer<\/li>\n<\/ul>\n\n\n\n<hr class=\"wp-block-separator has-alpha-channel-opacity\"\/>\n\n\n\n<h2 class=\"wp-block-heading\">Gesponserte und herausgehobene Platzierungen<\/h2>\n\n\n\n<p>Bestimmte Gesch\u00e4fte, Angebote oder Platzierungen auf Kuponeo k\u00f6nnen vorgestellt, hervorgehoben oder beworben werden. Diese Platzierungen k\u00f6nnen durch kommerzielle Beziehungen oder Provisionsstrukturen beeinflusst werden.<\/p>\n\n\n\n<p>Allerdings:<\/p>\n\n\n\n<ul class=\"wp-block-list\">\n<li>Wir bem\u00fchen uns, genaue und aktuelle Informationen bereitzustellen.<\/li>\n\n\n\n<li>Die Verg\u00fctung ist keine Garantie f\u00fcr eine Platzierung.<\/li>\n\n\n\n<li>Wir \u00fcbernehmen keine Garantie f\u00fcr die G\u00fcltigkeit, Verf\u00fcgbarkeit oder Ersparnis des Angebots.<\/li>\n<\/ul>\n\n\n\n<hr class=\"wp-block-separator has-alpha-channel-opacity\"\/>\n\n\n\n<h2 class=\"wp-block-heading\">Einzelh\u00e4ndler von Drittanbietern<\/h2>\n\n\n\n<p>Kuponeo verkauft keine Produkte direkt.<\/p>\n\n\n\n<p>Alle Eink\u00e4ufe werden auf den Websites von Drittanbietern get\u00e4tigt. Wir sind nicht verantwortlich f\u00fcr:<\/p>\n\n\n\n<ul class=\"wp-block-list\">\n<li>Produktabwicklung<\/li>\n\n\n\n<li>Versand<\/li>\n\n\n\n<li>R\u00fccksendungen oder Erstattungen<\/li>\n\n\n\n<li>Kundenbetreuung<\/li>\n\n\n\n<li>\u00c4nderungen der Preisgestaltung<\/li>\n\n\n\n<li>Entscheidungen \u00fcber die Zuschussf\u00e4higkeit von Kupons<\/li>\n<\/ul>\n\n\n\n<p>Alle mit dem Kauf zusammenh\u00e4ngenden Fragen m\u00fcssen an den Einzelh\u00e4ndler gerichtet werden.<\/p>\n\n\n\n<hr class=\"wp-block-separator has-alpha-channel-opacity\"\/>\n\n\n\n<h2 class=\"wp-block-heading\">Genauigkeit der Informationen<\/h2>\n\n\n\n<p>Wir bem\u00fchen uns zwar, Gutscheincodes und Angebote zu \u00fcberpr\u00fcfen und regelm\u00e4\u00dfig zu aktualisieren, aber die Einzelh\u00e4ndler k\u00f6nnen Werbeaktionen jederzeit \u00e4ndern oder entfernen.<\/p>\n\n\n\n<p>Kuponeo \u00fcbernimmt keine Garantie:<\/p>\n\n\n\n<ul class=\"wp-block-list\">\n<li>dass ein Coupon in jedem Fall funktioniert<\/li>\n\n\n\n<li>dass ein Angebot noch nicht abgelaufen ist<\/li>\n\n\n\n<li>dass der Endpreis an der Kasse den beworbenen Rabatt widerspiegelt<\/li>\n<\/ul>\n\n\n\n<hr class=\"wp-block-separator has-alpha-channel-opacity\"\/>\n\n\n\n<h2 class=\"wp-block-heading\">Kontakt<\/h2>\n\n\n\n<p>Wenn Sie Fragen zu dieser Offenlegung der Werbung haben, wenden Sie sich bitte an uns:<\/p>\n\n\n\n<p>\ud83d\udce7 <a>info@kuponeo.com<\/a><\/p>","protected":false},"excerpt":{"rendered":"<p>Last Updated: 13 February 2026 Kuponeo.com participates in affiliate marketing programs. This means we may earn commissions when users click certain links and make purchases through partner retailers. This disclosure is provided in accordance with the Federal Trade Commission (FTC) guidelines regarding endorsements, advertising, and affiliate relationships. For more information about the FTC\u2019s guidelines, please&#8230;<\/p>","protected":false},"author":1,"featured_media":0,"parent":0,"menu_order":0,"comment_status":"closed","ping_status":"closed","template":"page-tpl_full_width.php","meta":{"_acf_changed":false,"footnotes":""},"class_list":["post-1583","page","type-page","status-publish","hentry"],"acf":[],"aioseo_notices":[],"_hostinger_reach_plugin_has_subscription_block":false,"_hostinger_reach_plugin_is_elementor":false,"_links":{"self":[{"href":"https:\/\/kuponeo.com\/de\/wp-json\/wp\/v2\/pages\/1583","targetHints":{"allow":["GET"]}}],"collection":[{"href":"https:\/\/kuponeo.com\/de\/wp-json\/wp\/v2\/pages"}],"about":[{"href":"https:\/\/kuponeo.com\/de\/wp-json\/wp\/v2\/types\/page"}],"author":[{"embeddable":true,"href":"https:\/\/kuponeo.com\/de\/wp-json\/wp\/v2\/users\/1"}],"replies":[{"embeddable":true,"href":"https:\/\/kuponeo.com\/de\/wp-json\/wp\/v2\/comments?post=1583"}],"version-history":[{"count":1,"href":"https:\/\/kuponeo.com\/de\/wp-json\/wp\/v2\/pages\/1583\/revisions"}],"predecessor-version":[{"id":1584,"href":"https:\/\/kuponeo.com\/de\/wp-json\/wp\/v2\/pages\/1583\/revisions\/1584"}],"wp:attachment":[{"href":"https:\/\/kuponeo.com\/de\/wp-json\/wp\/v2\/media?parent=1583"}],"curies":[{"name":"wp","href":"https:\/\/api.w.org\/{rel}","templated":true}]}}