{"id":1583,"date":"2026-02-13T00:08:10","date_gmt":"2026-02-13T00:08:10","guid":{"rendered":"https:\/\/kuponeo.com\/?page_id=1583"},"modified":"2026-02-13T00:08:10","modified_gmt":"2026-02-13T00:08:10","slug":"advertising-disclosure","status":"publish","type":"page","link":"https:\/\/kuponeo.com\/fr\/advertising-disclosure\/","title":{"rendered":"Divulgation de la publicit\u00e9"},"content":{"rendered":"<p><strong>Derni\u00e8re mise \u00e0 jour :<\/strong> 13 f\u00e9vrier 2026<\/p>\n\n\n\n<p>Kuponeo.com participe \u00e0 des programmes de marketing d'affiliation. Cela signifie que nous pouvons percevoir des commissions lorsque les utilisateurs cliquent sur certains liens et effectuent des achats aupr\u00e8s de d\u00e9taillants partenaires.<\/p>\n\n\n\n<p>Cette information est fournie conform\u00e9ment aux directives de la Commission f\u00e9d\u00e9rale du commerce (FTC) concernant les recommandations, la publicit\u00e9 et les relations d'affiliation.<\/p>\n\n\n\n<p>Pour plus d'informations sur les lignes directrices de la FTC, veuillez consulter le site :<br><a href=\"https:\/\/www.ftc.gov\/business-guidance\/resources\/ftcs-endorsement-guides\">https:\/\/www.ftc.gov\/business-guidance\/resources\/ftcs-endorsement-guides<\/a><\/p>\n\n\n\n<hr class=\"wp-block-separator has-alpha-channel-opacity\"\/>\n\n\n\n<h2 class=\"wp-block-heading\">Comment fonctionnent les liens d'affiliation<\/h2>\n\n\n\n<p>Certains liens sur Kuponeo.com sont des liens d'affiliation. Si vous cliquez sur l'un de ces liens et que vous effectuez un achat, nous pouvons recevoir une commission de la part du d\u00e9taillant. <strong>sans frais suppl\u00e9mentaires pour vous<\/strong>.<\/p>\n\n\n\n<p>Kuponeo travaille avec une vari\u00e9t\u00e9 de r\u00e9seaux et de plateformes d'affiliation, y compris mais sans s'y limiter :<\/p>\n\n\n\n<ul class=\"wp-block-list\">\n<li>CJ Affiliate (Commission Junction)<\/li>\n\n\n\n<li>AWIN<\/li>\n\n\n\n<li>Admitad<\/li>\n\n\n\n<li>Brandreward<\/li>\n\n\n\n<li>Publicit\u00e9 Rakuten<\/li>\n\n\n\n<li>Associ\u00e9s d'Amazon<\/li>\n\n\n\n<li>Autres r\u00e9seaux mondiaux d'affiliation et de marketing \u00e0 la performance<\/li>\n<\/ul>\n\n\n\n<p>Ces r\u00e9seaux suivent les r\u00e9f\u00e9rences et nous r\u00e9mun\u00e8rent lorsque des achats qualifi\u00e9s sont effectu\u00e9s.<\/p>\n\n\n\n<hr class=\"wp-block-separator has-alpha-channel-opacity\"\/>\n\n\n\n<h2 class=\"wp-block-heading\">Aucun co\u00fbt suppl\u00e9mentaire pour vous<\/h2>\n\n\n\n<p>L'utilisation de liens affili\u00e9s n'augmente pas le prix que vous payez. Dans de nombreux cas, l'utilisation de nos liens peut donner acc\u00e8s \u00e0 des promotions exclusives ou \u00e0 des offres suivies.<\/p>\n\n\n\n<p>Les commissions nous permettent de :<\/p>\n\n\n\n<ul class=\"wp-block-list\">\n<li>Maintenir et am\u00e9liorer Kuponeo<\/li>\n\n\n\n<li>V\u00e9rifier et mettre \u00e0 jour les codes de coupon<\/li>\n\n\n\n<li>Fournir un acc\u00e8s gratuit aux offres<\/li>\n\n\n\n<li>Continuer \u00e0 fonctionner sans faire payer les utilisateurs<\/li>\n<\/ul>\n\n\n\n<hr class=\"wp-block-separator has-alpha-channel-opacity\"\/>\n\n\n\n<h2 class=\"wp-block-heading\">Placements sponsoris\u00e9s et en vedette<\/h2>\n\n\n\n<p>Certains magasins, offres ou placements sur Kuponeo peuvent \u00eatre pr\u00e9sent\u00e9s, mis en \u00e9vidence ou promus. Ces placements peuvent \u00eatre influenc\u00e9s par des relations commerciales ou des structures de commissions.<\/p>\n\n\n\n<p>Cependant :<\/p>\n\n\n\n<ul class=\"wp-block-list\">\n<li>Nous nous effor\u00e7ons de fournir des informations pr\u00e9cises et actualis\u00e9es.<\/li>\n\n\n\n<li>L'indemnisation ne garantit pas le classement.<\/li>\n\n\n\n<li>Nous ne garantissons pas la validit\u00e9, la disponibilit\u00e9 ou les \u00e9conomies des offres.<\/li>\n<\/ul>\n\n\n\n<hr class=\"wp-block-separator has-alpha-channel-opacity\"\/>\n\n\n\n<h2 class=\"wp-block-heading\">D\u00e9taillants tiers<\/h2>\n\n\n\n<p>Kuponeo ne vend pas de produits directement.<\/p>\n\n\n\n<p>Tous les achats sont effectu\u00e9s sur des sites web de d\u00e9taillants tiers. Nous ne sommes pas responsables de :<\/p>\n\n\n\n<ul class=\"wp-block-list\">\n<li>Ex\u00e9cution des produits<\/li>\n\n\n\n<li>Exp\u00e9dition<\/li>\n\n\n\n<li>Retours ou remboursements<\/li>\n\n\n\n<li>Service \u00e0 la client\u00e8le<\/li>\n\n\n\n<li>Modifications de la tarification<\/li>\n\n\n\n<li>D\u00e9cisions relatives \u00e0 l'admissibilit\u00e9 des coupons<\/li>\n<\/ul>\n\n\n\n<p>Tout probl\u00e8me li\u00e9 \u00e0 l'achat doit \u00eatre adress\u00e9 au d\u00e9taillant.<\/p>\n\n\n\n<hr class=\"wp-block-separator has-alpha-channel-opacity\"\/>\n\n\n\n<h2 class=\"wp-block-heading\">Exactitude des informations<\/h2>\n\n\n\n<p>Bien que nous nous efforcions de v\u00e9rifier et de mettre \u00e0 jour r\u00e9guli\u00e8rement les codes de r\u00e9duction et les offres, les d\u00e9taillants peuvent modifier ou supprimer des promotions \u00e0 tout moment.<\/p>\n\n\n\n<p>Kuponeo ne garantit pas :<\/p>\n\n\n\n<ul class=\"wp-block-list\">\n<li>Qu'un coupon fonctionne dans tous les cas<\/li>\n\n\n\n<li>Qu'une offre n'a pas expir\u00e9<\/li>\n\n\n\n<li>que le prix final \u00e0 la caisse refl\u00e8te la r\u00e9duction annonc\u00e9e<\/li>\n<\/ul>\n\n\n\n<hr class=\"wp-block-separator has-alpha-channel-opacity\"\/>\n\n\n\n<h2 class=\"wp-block-heading\">Contact<\/h2>\n\n\n\n<p>Si vous avez des questions concernant la pr\u00e9sente d\u00e9claration de publicit\u00e9, veuillez contacter :<\/p>\n\n\n\n<p>\ud83d\udce7 <a>info@kuponeo.com<\/a><\/p>","protected":false},"excerpt":{"rendered":"<p>Last Updated: 13 February 2026 Kuponeo.com participates in affiliate marketing programs. This means we may earn commissions when users click certain links and make purchases through partner retailers. This disclosure is provided in accordance with the Federal Trade Commission (FTC) guidelines regarding endorsements, advertising, and affiliate relationships. For more information about the FTC\u2019s guidelines, please&#8230;<\/p>","protected":false},"author":1,"featured_media":0,"parent":0,"menu_order":0,"comment_status":"closed","ping_status":"closed","template":"page-tpl_full_width.php","meta":{"_acf_changed":false,"footnotes":""},"class_list":["post-1583","page","type-page","status-publish","hentry"],"acf":[],"aioseo_notices":[],"_hostinger_reach_plugin_has_subscription_block":false,"_hostinger_reach_plugin_is_elementor":false,"_links":{"self":[{"href":"https:\/\/kuponeo.com\/fr\/wp-json\/wp\/v2\/pages\/1583","targetHints":{"allow":["GET"]}}],"collection":[{"href":"https:\/\/kuponeo.com\/fr\/wp-json\/wp\/v2\/pages"}],"about":[{"href":"https:\/\/kuponeo.com\/fr\/wp-json\/wp\/v2\/types\/page"}],"author":[{"embeddable":true,"href":"https:\/\/kuponeo.com\/fr\/wp-json\/wp\/v2\/users\/1"}],"replies":[{"embeddable":true,"href":"https:\/\/kuponeo.com\/fr\/wp-json\/wp\/v2\/comments?post=1583"}],"version-history":[{"count":1,"href":"https:\/\/kuponeo.com\/fr\/wp-json\/wp\/v2\/pages\/1583\/revisions"}],"predecessor-version":[{"id":1584,"href":"https:\/\/kuponeo.com\/fr\/wp-json\/wp\/v2\/pages\/1583\/revisions\/1584"}],"wp:attachment":[{"href":"https:\/\/kuponeo.com\/fr\/wp-json\/wp\/v2\/media?parent=1583"}],"curies":[{"name":"wp","href":"https:\/\/api.w.org\/{rel}","templated":true}]}}